{"id":10812,"date":"2022-09-20T05:06:38","date_gmt":"2022-09-20T05:06:38","guid":{"rendered":"https:\/\/paramibentre.jaysoft.asia\/?page_id=10812"},"modified":"2022-09-20T05:15:52","modified_gmt":"2022-09-20T05:15:52","slug":"chinh-sach-dat-tour","status":"publish","type":"page","link":"https:\/\/bentreriverside.com\/en\/chinh-sach-dat-tour\/","title":{"rendered":"CH\u00cdNH S\u00c1CH \u0110\u1eb6T TOUR"},"content":{"rendered":"<div data-elementor-type=\"wp-page\" data-elementor-id=\"10812\" class=\"elementor elementor-10812\">\n\t\t\t\t\t\t\t\t\t<section class=\"elementor-section elementor-top-section elementor-element elementor-element-0c058bc elementor-section-full_width elementor-section-height-min-height elementor-section-height-default elementor-section-items-middle\" data-id=\"0c058bc\" data-element_type=\"section\" data-settings=\"{&quot;background_background&quot;:&quot;classic&quot;,&quot;ekit_has_onepagescroll_dot&quot;:&quot;yes&quot;}\">\n\t\t\t\t\t\t<div class=\"elementor-container elementor-column-gap-default\">\n\t\t\t\t\t<div class=\"elementor-column elementor-col-100 elementor-top-column elementor-element elementor-element-e78b7bd\" data-id=\"e78b7bd\" data-element_type=\"column\">\n\t\t\t<div class=\"elementor-widget-wrap\">\n\t\t\t\t\t\t\t\t\t<\/div>\n\t\t<\/div>\n\t\t\t\t\t\t\t<\/div>\n\t\t<\/section>\n\t\t\t\t<section class=\"elementor-section elementor-top-section elementor-element elementor-element-a6029ce elementor-section-boxed elementor-section-height-default elementor-section-height-default\" data-id=\"a6029ce\" data-element_type=\"section\" data-settings=\"{&quot;ekit_has_onepagescroll_dot&quot;:&quot;yes&quot;}\">\n\t\t\t\t\t\t<div class=\"elementor-container elementor-column-gap-default\">\n\t\t\t\t\t<div class=\"elementor-column elementor-col-100 elementor-top-column elementor-element elementor-element-609ff84\" data-id=\"609ff84\" data-element_type=\"column\">\n\t\t\t<div class=\"elementor-widget-wrap elementor-element-populated\">\n\t\t\t\t\t\t\t\t<div class=\"elementor-element elementor-element-07fd3d5 elementor-widget elementor-widget-heading\" data-id=\"07fd3d5\" data-element_type=\"widget\" data-settings=\"{&quot;ekit_we_effect_on&quot;:&quot;none&quot;}\" data-widget_type=\"heading.default\">\n\t\t\t\t<div class=\"elementor-widget-container\">\n\t\t\t<style>\/*! elementor - v3.7.8 - 02-10-2022 *\/\n.elementor-heading-title{padding:0;margin:0;line-height:1}.elementor-widget-heading .elementor-heading-title[class*=elementor-size-]>a{color:inherit;font-size:inherit;line-height:inherit}.elementor-widget-heading .elementor-heading-title.elementor-size-small{font-size:15px}.elementor-widget-heading .elementor-heading-title.elementor-size-medium{font-size:19px}.elementor-widget-heading .elementor-heading-title.elementor-size-large{font-size:29px}.elementor-widget-heading .elementor-heading-title.elementor-size-xl{font-size:39px}.elementor-widget-heading .elementor-heading-title.elementor-size-xxl{font-size:59px}<\/style><h2 class=\"elementor-heading-title elementor-size-default\">CH\u00cdNH S\u00c1CH \u0110\u1eb6T TOUR<\/h2>\t\t<\/div>\n\t\t\t\t<\/div>\n\t\t\t\t\t<\/div>\n\t\t<\/div>\n\t\t\t\t\t\t\t<\/div>\n\t\t<\/section>\n\t\t\t\t<section class=\"elementor-section elementor-top-section elementor-element elementor-element-94ca0a2 elementor-section-boxed elementor-section-height-default elementor-section-height-default\" data-id=\"94ca0a2\" data-element_type=\"section\" data-settings=\"{&quot;ekit_has_onepagescroll_dot&quot;:&quot;yes&quot;}\">\n\t\t\t\t\t\t<div class=\"elementor-container elementor-column-gap-default\">\n\t\t\t\t\t<div class=\"elementor-column elementor-col-100 elementor-top-column elementor-element elementor-element-eee1ce6\" data-id=\"eee1ce6\" data-element_type=\"column\">\n\t\t\t<div class=\"elementor-widget-wrap elementor-element-populated\">\n\t\t\t\t\t\t\t\t<div class=\"elementor-element elementor-element-720a1f8 elementor-widget-divider--view-line elementor-widget elementor-widget-divider\" data-id=\"720a1f8\" data-element_type=\"widget\" data-settings=\"{&quot;ekit_we_effect_on&quot;:&quot;none&quot;}\" data-widget_type=\"divider.default\">\n\t\t\t\t<div class=\"elementor-widget-container\">\n\t\t\t<style>\/*! elementor - v3.7.8 - 02-10-2022 *\/\n.elementor-widget-divider{--divider-border-style:none;--divider-border-width:1px;--divider-color:#2c2c2c;--divider-icon-size:20px;--divider-element-spacing:10px;--divider-pattern-height:24px;--divider-pattern-size:20px;--divider-pattern-url:none;--divider-pattern-repeat:repeat-x}.elementor-widget-divider .elementor-divider{display:-webkit-box;display:-ms-flexbox;display:flex}.elementor-widget-divider .elementor-divider__text{font-size:15px;line-height:1;max-width:95%}.elementor-widget-divider .elementor-divider__element{margin:0 var(--divider-element-spacing);-ms-flex-negative:0;flex-shrink:0}.elementor-widget-divider .elementor-icon{font-size:var(--divider-icon-size)}.elementor-widget-divider .elementor-divider-separator{display:-webkit-box;display:-ms-flexbox;display:flex;margin:0;direction:ltr}.elementor-widget-divider--view-line_icon .elementor-divider-separator,.elementor-widget-divider--view-line_text .elementor-divider-separator{-webkit-box-align:center;-ms-flex-align:center;align-items:center}.elementor-widget-divider--view-line_icon .elementor-divider-separator:after,.elementor-widget-divider--view-line_icon .elementor-divider-separator:before,.elementor-widget-divider--view-line_text .elementor-divider-separator:after,.elementor-widget-divider--view-line_text .elementor-divider-separator:before{display:block;content:\"\";border-bottom:0;-webkit-box-flex:1;-ms-flex-positive:1;flex-grow:1;border-top:var(--divider-border-width) var(--divider-border-style) var(--divider-color)}.elementor-widget-divider--element-align-left .elementor-divider .elementor-divider-separator>.elementor-divider__svg:first-of-type{-webkit-box-flex:0;-ms-flex-positive:0;flex-grow:0;-ms-flex-negative:100;flex-shrink:100}.elementor-widget-divider--element-align-left .elementor-divider-separator:before{content:none}.elementor-widget-divider--element-align-left .elementor-divider__element{margin-left:0}.elementor-widget-divider--element-align-right .elementor-divider .elementor-divider-separator>.elementor-divider__svg:last-of-type{-webkit-box-flex:0;-ms-flex-positive:0;flex-grow:0;-ms-flex-negative:100;flex-shrink:100}.elementor-widget-divider--element-align-right .elementor-divider-separator:after{content:none}.elementor-widget-divider--element-align-right .elementor-divider__element{margin-right:0}.elementor-widget-divider:not(.elementor-widget-divider--view-line_text):not(.elementor-widget-divider--view-line_icon) .elementor-divider-separator{border-top:var(--divider-border-width) var(--divider-border-style) var(--divider-color)}.elementor-widget-divider--separator-type-pattern{--divider-border-style:none}.elementor-widget-divider--separator-type-pattern.elementor-widget-divider--view-line .elementor-divider-separator,.elementor-widget-divider--separator-type-pattern:not(.elementor-widget-divider--view-line) .elementor-divider-separator:after,.elementor-widget-divider--separator-type-pattern:not(.elementor-widget-divider--view-line) .elementor-divider-separator:before,.elementor-widget-divider--separator-type-pattern:not([class*=elementor-widget-divider--view]) .elementor-divider-separator{width:100%;min-height:var(--divider-pattern-height);-webkit-mask-size:var(--divider-pattern-size) 100%;mask-size:var(--divider-pattern-size) 100%;-webkit-mask-repeat:var(--divider-pattern-repeat);mask-repeat:var(--divider-pattern-repeat);background-color:var(--divider-color);-webkit-mask-image:var(--divider-pattern-url);mask-image:var(--divider-pattern-url)}.elementor-widget-divider--no-spacing{--divider-pattern-size:auto}.elementor-widget-divider--bg-round{--divider-pattern-repeat:round}.rtl .elementor-widget-divider .elementor-divider__text{direction:rtl}.e-container>.elementor-widget-divider{width:var(--container-widget-width,100%);--flex-grow:var(--container-widget-flex-grow,0)}<\/style>\t\t<div class=\"elementor-divider\">\n\t\t\t<span class=\"elementor-divider-separator\">\n\t\t\t\t\t\t<\/span>\n\t\t<\/div>\n\t\t\t\t<\/div>\n\t\t\t\t<\/div>\n\t\t\t\t\t<\/div>\n\t\t<\/div>\n\t\t\t\t\t\t\t<\/div>\n\t\t<\/section>\n\t\t\t\t<section class=\"elementor-section elementor-top-section elementor-element elementor-element-cdb33b6 elementor-section-boxed elementor-section-height-default elementor-section-height-default\" data-id=\"cdb33b6\" data-element_type=\"section\" data-settings=\"{&quot;ekit_has_onepagescroll_dot&quot;:&quot;yes&quot;}\">\n\t\t\t\t\t\t<div class=\"elementor-container elementor-column-gap-default\">\n\t\t\t\t\t<div class=\"elementor-column elementor-col-100 elementor-top-column elementor-element elementor-element-cfe2ed1\" data-id=\"cfe2ed1\" data-element_type=\"column\">\n\t\t\t<div class=\"elementor-widget-wrap elementor-element-populated\">\n\t\t\t\t\t\t\t\t<div class=\"elementor-element elementor-element-25e64b1 elementor-widget elementor-widget-text-editor\" data-id=\"25e64b1\" data-element_type=\"widget\" data-settings=\"{&quot;ekit_we_effect_on&quot;:&quot;none&quot;}\" data-widget_type=\"text-editor.default\">\n\t\t\t\t<div class=\"elementor-widget-container\">\n\t\t\t<style>\/*! elementor - v3.7.8 - 02-10-2022 *\/\n.elementor-widget-text-editor.elementor-drop-cap-view-stacked .elementor-drop-cap{background-color:#818a91;color:#fff}.elementor-widget-text-editor.elementor-drop-cap-view-framed .elementor-drop-cap{color:#818a91;border:3px solid;background-color:transparent}.elementor-widget-text-editor:not(.elementor-drop-cap-view-default) .elementor-drop-cap{margin-top:8px}.elementor-widget-text-editor:not(.elementor-drop-cap-view-default) .elementor-drop-cap-letter{width:1em;height:1em}.elementor-widget-text-editor .elementor-drop-cap{float:left;text-align:center;line-height:1;font-size:50px}.elementor-widget-text-editor .elementor-drop-cap-letter{display:inline-block}<\/style>\t\t\t\t<ul><li><strong>Sau khi x\u00e1c nh\u1eadn \u0111\u1eb7t tour, qu\u00fd kh\u00e1ch<\/strong>\u00a0vui l\u00f2ng chuy\u1ec3n kho\u1ea3n 100% ti\u1ec1n tour\u00a0<strong>tr\u01b0\u1edbc 12 ng\u00e0y kh\u1edfi h\u00e0nh.<\/strong><\/li><li><strong>Sau khi chuy\u1ec3n kho\u1ea3n, c\u00f4ng ty s\u1ebd g\u1edfi<\/strong>\u00a0e-ticket\u00a0<strong>v\u1ec1 h\u1ed9p email c\u1ee7a qu\u00fd kh\u00e1ch, vui l\u00f2ng mang v\u00e9 theo trong su\u1ed1t th\u1eddi gian th\u1ef1c hi\u1ec7n tour.<\/strong><\/li><\/ul><p>Ch\u00ednh s\u00e1ch Ho\u00e3n \u2013 Hu\u1ef7 Tour<\/p><p><strong>Ho\u00e3n l\u1ecbch tr\u00ecnh tour<br \/><\/strong><\/p><ul><li>Qu\u00fd kh\u00e1ch \u0111\u01b0\u1ee3c quy\u1ec1n thay \u0111\u1ed5i ng\u00e0y kh\u1edfi h\u00e0nh m\u00e0 kh\u00f4ng b\u1ecb m\u1ea5t ph\u00ed trong \u0111i\u1ec1u ki\u1ec7n ph\u1ea3i th\u00f4ng b\u00e1o tr\u01b0\u1edbc th\u1eddi gian kh\u1edfi h\u00e0nh \u00edt nh\u1ea5t 7 ng\u00e0y.<\/li><li>L\u1ecbch tr\u00ecnh tour c\u00f3 th\u1ec3 thay \u0111\u1ed5i tu\u1ef3 theo \u0111i\u1ec1u ki\u1ec7n th\u1eddi ti\u1ebft v\u00e0 s\u1ed1 l\u01b0\u1ee3ng ng\u01b0\u1eddi tham gia tour. Trong tr\u01b0\u1eddng h\u1ee3p c\u00f3 s\u1ef1 thay \u0111\u1ed5i ch\u00fang t\u00f4i s\u1ebd chuy\u1ec3n tour sang ng\u00e0y g\u1ea7n nh\u1ea5t v\u00e0 b\u00e1o \u0111\u1ebfn qu\u00fd kh\u00e1ch tr\u01b0\u1edbc 3 ng\u00e0y. Trong tr\u01b0\u1eddng h\u1ee3p tour kh\u00f4ng th\u1ef1c hi\u1ec7n \u0111\u01b0\u1ee3c, ch\u00fang t\u00f4i s\u1ebd ho\u00e0n ti\u1ec1n 100% tour \u0111\u1ebfn qu\u00fd kh\u00e1ch.<\/li><\/ul><p><strong>Hu\u1ef7 tour<\/strong><\/p><ul><li>H\u1ee7y tour\u00a0<strong>trong v\u00f2ng 24 gi\u1edd<\/strong>\u00a0tr\u01b0\u1edbc khi kh\u1edfi h\u00e0nh tour: ch\u1ecbu ph\u1ea1t\u00a0<strong>100%<\/strong>\u00a0ti\u1ec1n tour<\/li><li>H\u1ee7y tour tr\u01b0\u1edbc ng\u00e0y kh\u1edfi h\u00e0nh\u00a0<strong>3 ng\u00e0y<\/strong>: ch\u1ecbu ph\u1ea1t\u00a0<strong>75%<\/strong>\u00a0ti\u1ec1n tour<\/li><li>H\u1ee7y tour tr\u01b0\u1edbc ng\u00e0y kh\u1edfi h\u00e0nh\u00a0<strong>t\u1eeb 3 &#8211; 6 ng\u00e0y<\/strong>: ch\u1ecbu ph\u1ea1t\u00a0<strong>50%<\/strong>\u00a0ti\u1ec1n tour<\/li><li>H\u1ee7y tour tr\u01b0\u1edbc ng\u00e0y kh\u1edfi h\u00e0nh\u00a0<strong>t\u1eeb 7 &#8211; 10 ng\u00e0y<\/strong>: ch\u1ecbu ph\u1ea1t\u00a0<strong>35%<\/strong>\u00a0ti\u1ec1n tour<\/li><li>H\u1ee7y tour tr\u01b0\u1edbc ng\u00e0y kh\u1edfi h\u00e0nh\u00a0<strong>t\u1eeb 11 ng\u00e0y tr\u1edf l\u00ean<\/strong>, kh\u00f4ng ch\u1ecbu ph\u00ed hu\u1ef7 tour<\/li><li>Sau khi h\u1ee7y tour, qu\u00fd kh\u00e1ch s\u1ebd \u0111\u01b0\u1ee3c ho\u00e0n ti\u1ec1n trong v\u00f2ng 15 ng\u00e0y k\u1ec3 t\u1eeb ng\u00e0y k\u1ebft th\u00fac tour* H\u00e0nh l\u00fd v\u00e0 gi\u1ea5y t\u1edd t\u00f9y th\u00e2n:<\/li><li><strong>Qu\u00fd kh\u00e1ch mang theo gi\u1ea5y CMND.<\/strong><\/li><li>Qu\u00fd kh\u00e1ch mang theo h\u00e0nh l\u00fd g\u1ecdn nh\u1eb9 v\u00e0 ph\u1ea3i t\u1ef1 b\u1ea3o qu\u1ea3n h\u00e0nh l\u00fd, ti\u1ec1n b\u1ea1c, t\u01b0 trang trong su\u1ed1t th\u1eddi gian \u0111i du l\u1ecbch.<\/li><\/ul><p>*Ghi ch\u00fa kh\u00e1c:<\/p><ul><li><strong>C\u00f4ng ty xu\u1ea5t h\u00f3a \u0111\u01a1n cho du kh\u00e1ch c\u00f3 nhu c\u1ea7u (Trong th\u1eddi h\u1ea1n 7 ng\u00e0y sau khi k\u1ebft th\u00fac ch\u01b0\u01a1ng tr\u00ecnh du l\u1ecbch).<\/strong><\/li><li>Qu\u00fd kh\u00e1ch vui l\u00f2ng c\u00f3 m\u1eb7t t\u1ea1i \u0111i\u1ec3m \u0111\u00f3n tr\u01b0\u1edbc 15 ph\u00fat so v\u1edbi gi\u1edd kh\u1edfi h\u00e0nh. Trong tr\u01b0\u1eddng h\u1ee3p \u0111\u1ebfn tr\u1ec5 khi xe \u0111\u00e3 kh\u1edfi h\u00e0nh, ho\u1eb7c h\u1ee7y tour kh\u00f4ng b\u00e1o tr\u01b0\u1edbc vui l\u00f2ng ch\u1ecbu ph\u00ed 100% tour.<\/li><\/ul><p><em>* Th\u00f4ng tin chuy\u1ec3n kho\u1ea3n:<br \/><\/em><br \/><em><strong>C\u00f4ng Ty CP DL Ho\u00e0ng Lam<\/strong><\/em><\/p><p><em><strong>0700 5177 5269 Sacombank CN B\u1ebfn Tre<br \/><\/strong><\/em><br \/><em><strong>Ho\u1eb7c<br \/><\/strong><\/em><br \/><em><strong>C\u00f4ng Ty CP DL Ho\u00e0ng Lam<br \/><\/strong><\/em><br \/><em><strong>0241 0040 77558 Vietcombank CN B\u1ebfn Tre<br \/><\/strong><\/em><br \/>BenTre Riverside Tour r\u1ea5t h\u00e2n h\u1ea1nh \u0111\u01b0\u1ee3c ph\u1ee5c v\u1ee5 qu\u00fd kh\u00e1ch!<\/p>\t\t\t\t\t\t<\/div>\n\t\t\t\t<\/div>\n\t\t\t\t\t<\/div>\n\t\t<\/div>\n\t\t\t\t\t\t\t<\/div>\n\t\t<\/section>\n\t\t\t\t\t\t\t<\/div>","protected":false},"excerpt":{"rendered":"<p>CH\u00cdNH S\u00c1CH \u0110\u1eb6T TOUR Sau khi x\u00e1c nh\u1eadn \u0111\u1eb7t tour, qu\u00fd kh\u00e1ch\u00a0vui l\u00f2ng chuy\u1ec3n kho\u1ea3n 100% ti\u1ec1n tour\u00a0tr\u01b0\u1edbc 12 ng\u00e0y kh\u1edfi h\u00e0nh. Sau khi chuy\u1ec3n kho\u1ea3n, c\u00f4ng ty s\u1ebd g\u1edfi\u00a0e-ticket\u00a0v\u1ec1 h\u1ed9p email c\u1ee7a qu\u00fd kh\u00e1ch, vui l\u00f2ng mang v\u00e9 theo trong su\u1ed1t th\u1eddi gian th\u1ef1c hi\u1ec7n tour. Ch\u00ednh s\u00e1ch Ho\u00e3n \u2013 Hu\u1ef7 Tour Ho\u00e3n l\u1ecbch [&hellip;]<\/p>","protected":false},"author":1,"featured_media":0,"parent":0,"menu_order":0,"comment_status":"closed","ping_status":"closed","template":"","meta":{"footnotes":""},"class_list":["post-10812","page","type-page","status-publish","hentry"],"yoast_head":"<!-- This site is optimized with the Yoast SEO plugin v19.1 - https:\/\/yoast.com\/wordpress\/plugins\/seo\/ -->\n<title>CH\u00cdNH S\u00c1CH \u0110\u1eb6T TOUR - Ben Tre Riverside Resort<\/title>\n<meta name=\"robots\" content=\"index, follow, max-snippet:-1, max-image-preview:large, max-video-preview:-1\" \/>\n<link rel=\"canonical\" href=\"https:\/\/bentreriverside.com\/en\/chinh-sach-dat-tour\/\" \/>\n<meta property=\"og:locale\" content=\"en_US\" \/>\n<meta property=\"og:type\" content=\"article\" \/>\n<meta property=\"og:title\" content=\"CH\u00cdNH S\u00c1CH \u0110\u1eb6T TOUR - Ben Tre Riverside Resort\" \/>\n<meta property=\"og:description\" content=\"CH\u00cdNH S\u00c1CH \u0110\u1eb6T TOUR Sau khi x\u00e1c nh\u1eadn \u0111\u1eb7t tour, qu\u00fd kh\u00e1ch\u00a0vui l\u00f2ng chuy\u1ec3n kho\u1ea3n 100% ti\u1ec1n tour\u00a0tr\u01b0\u1edbc 12 ng\u00e0y kh\u1edfi h\u00e0nh. Sau khi chuy\u1ec3n kho\u1ea3n, c\u00f4ng ty s\u1ebd g\u1edfi\u00a0e-ticket\u00a0v\u1ec1 h\u1ed9p email c\u1ee7a qu\u00fd kh\u00e1ch, vui l\u00f2ng mang v\u00e9 theo trong su\u1ed1t th\u1eddi gian th\u1ef1c hi\u1ec7n tour. Ch\u00ednh s\u00e1ch Ho\u00e3n \u2013 Hu\u1ef7 Tour Ho\u00e3n l\u1ecbch [&hellip;]\" \/>\n<meta property=\"og:url\" content=\"https:\/\/bentreriverside.com\/en\/chinh-sach-dat-tour\/\" \/>\n<meta property=\"og:site_name\" content=\"Ben Tre Riverside Resort\" \/>\n<meta property=\"article:modified_time\" content=\"2022-09-20T05:15:52+00:00\" \/>\n<meta name=\"twitter:card\" content=\"summary_large_image\" \/>\n<meta name=\"twitter:label1\" content=\"Est. reading time\" \/>\n\t<meta name=\"twitter:data1\" content=\"2 minutes\" \/>\n<script type=\"application\/ld+json\" class=\"yoast-schema-graph\">{\"@context\":\"https:\/\/schema.org\",\"@graph\":[{\"@type\":\"Organization\",\"@id\":\"https:\/\/bentreriverside.com\/#organization\",\"name\":\"Ben Tre Riverside Resort\",\"url\":\"https:\/\/bentreriverside.com\/\",\"sameAs\":[],\"logo\":{\"@type\":\"ImageObject\",\"inLanguage\":\"en-US\",\"@id\":\"https:\/\/bentreriverside.com\/#\/schema\/logo\/image\/\",\"url\":\"https:\/\/bentreriverside.com\/wp-content\/uploads\/2022\/06\/cropped-Logo.png\",\"contentUrl\":\"https:\/\/bentreriverside.com\/wp-content\/uploads\/2022\/06\/cropped-Logo.png\",\"width\":512,\"height\":512,\"caption\":\"Ben Tre Riverside Resort\"},\"image\":{\"@id\":\"https:\/\/bentreriverside.com\/#\/schema\/logo\/image\/\"}},{\"@type\":\"WebSite\",\"@id\":\"https:\/\/bentreriverside.com\/#website\",\"url\":\"https:\/\/bentreriverside.com\/\",\"name\":\"Ben Tre Riverside Resort\",\"description\":\"Ben Tre Riverside Resort\",\"publisher\":{\"@id\":\"https:\/\/bentreriverside.com\/#organization\"},\"potentialAction\":[{\"@type\":\"SearchAction\",\"target\":{\"@type\":\"EntryPoint\",\"urlTemplate\":\"https:\/\/bentreriverside.com\/?s={search_term_string}\"},\"query-input\":\"required name=search_term_string\"}],\"inLanguage\":\"en-US\"},{\"@type\":\"WebPage\",\"@id\":\"https:\/\/bentreriverside.com\/chinh-sach-dat-tour\/#webpage\",\"url\":\"https:\/\/bentreriverside.com\/chinh-sach-dat-tour\/\",\"name\":\"CH\u00cdNH S\u00c1CH \u0110\u1eb6T TOUR - Ben Tre Riverside Resort\",\"isPartOf\":{\"@id\":\"https:\/\/bentreriverside.com\/#website\"},\"datePublished\":\"2022-09-20T05:06:38+00:00\",\"dateModified\":\"2022-09-20T05:15:52+00:00\",\"breadcrumb\":{\"@id\":\"https:\/\/bentreriverside.com\/chinh-sach-dat-tour\/#breadcrumb\"},\"inLanguage\":\"en-US\",\"potentialAction\":[{\"@type\":\"ReadAction\",\"target\":[\"https:\/\/bentreriverside.com\/chinh-sach-dat-tour\/\"]}]},{\"@type\":\"BreadcrumbList\",\"@id\":\"https:\/\/bentreriverside.com\/chinh-sach-dat-tour\/#breadcrumb\",\"itemListElement\":[{\"@type\":\"ListItem\",\"position\":1,\"name\":\"TRANG CH\u1ee6\",\"item\":\"https:\/\/bentreriverside.com\/\"},{\"@type\":\"ListItem\",\"position\":2,\"name\":\"CH\u00cdNH S\u00c1CH \u0110\u1eb6T TOUR\"}]}]}<\/script>\n<!-- \/ Yoast SEO plugin. -->","yoast_head_json":{"title":"CH\u00cdNH S\u00c1CH \u0110\u1eb6T TOUR - Ben Tre Riverside Resort","robots":{"index":"index","follow":"follow","max-snippet":"max-snippet:-1","max-image-preview":"max-image-preview:large","max-video-preview":"max-video-preview:-1"},"canonical":"https:\/\/bentreriverside.com\/en\/chinh-sach-dat-tour\/","og_locale":"en_US","og_type":"article","og_title":"CH\u00cdNH S\u00c1CH \u0110\u1eb6T TOUR - Ben Tre Riverside Resort","og_description":"CH\u00cdNH S\u00c1CH \u0110\u1eb6T TOUR Sau khi x\u00e1c nh\u1eadn \u0111\u1eb7t tour, qu\u00fd kh\u00e1ch\u00a0vui l\u00f2ng chuy\u1ec3n kho\u1ea3n 100% ti\u1ec1n tour\u00a0tr\u01b0\u1edbc 12 ng\u00e0y kh\u1edfi h\u00e0nh. Sau khi chuy\u1ec3n kho\u1ea3n, c\u00f4ng ty s\u1ebd g\u1edfi\u00a0e-ticket\u00a0v\u1ec1 h\u1ed9p email c\u1ee7a qu\u00fd kh\u00e1ch, vui l\u00f2ng mang v\u00e9 theo trong su\u1ed1t th\u1eddi gian th\u1ef1c hi\u1ec7n tour. Ch\u00ednh s\u00e1ch Ho\u00e3n \u2013 Hu\u1ef7 Tour Ho\u00e3n l\u1ecbch [&hellip;]","og_url":"https:\/\/bentreriverside.com\/en\/chinh-sach-dat-tour\/","og_site_name":"Ben Tre Riverside Resort","article_modified_time":"2022-09-20T05:15:52+00:00","twitter_card":"summary_large_image","twitter_misc":{"Est. reading time":"2 minutes"},"schema":{"@context":"https:\/\/schema.org","@graph":[{"@type":"Organization","@id":"https:\/\/bentreriverside.com\/#organization","name":"Ben Tre Riverside Resort","url":"https:\/\/bentreriverside.com\/","sameAs":[],"logo":{"@type":"ImageObject","inLanguage":"en-US","@id":"https:\/\/bentreriverside.com\/#\/schema\/logo\/image\/","url":"https:\/\/bentreriverside.com\/wp-content\/uploads\/2022\/06\/cropped-Logo.png","contentUrl":"https:\/\/bentreriverside.com\/wp-content\/uploads\/2022\/06\/cropped-Logo.png","width":512,"height":512,"caption":"Ben Tre Riverside Resort"},"image":{"@id":"https:\/\/bentreriverside.com\/#\/schema\/logo\/image\/"}},{"@type":"WebSite","@id":"https:\/\/bentreriverside.com\/#website","url":"https:\/\/bentreriverside.com\/","name":"Ben Tre Riverside Resort","description":"Ben Tre Riverside Resort","publisher":{"@id":"https:\/\/bentreriverside.com\/#organization"},"potentialAction":[{"@type":"SearchAction","target":{"@type":"EntryPoint","urlTemplate":"https:\/\/bentreriverside.com\/?s={search_term_string}"},"query-input":"required name=search_term_string"}],"inLanguage":"en-US"},{"@type":"WebPage","@id":"https:\/\/bentreriverside.com\/chinh-sach-dat-tour\/#webpage","url":"https:\/\/bentreriverside.com\/chinh-sach-dat-tour\/","name":"CH\u00cdNH S\u00c1CH \u0110\u1eb6T TOUR - Ben Tre Riverside Resort","isPartOf":{"@id":"https:\/\/bentreriverside.com\/#website"},"datePublished":"2022-09-20T05:06:38+00:00","dateModified":"2022-09-20T05:15:52+00:00","breadcrumb":{"@id":"https:\/\/bentreriverside.com\/chinh-sach-dat-tour\/#breadcrumb"},"inLanguage":"en-US","potentialAction":[{"@type":"ReadAction","target":["https:\/\/bentreriverside.com\/chinh-sach-dat-tour\/"]}]},{"@type":"BreadcrumbList","@id":"https:\/\/bentreriverside.com\/chinh-sach-dat-tour\/#breadcrumb","itemListElement":[{"@type":"ListItem","position":1,"name":"TRANG CH\u1ee6","item":"https:\/\/bentreriverside.com\/"},{"@type":"ListItem","position":2,"name":"CH\u00cdNH S\u00c1CH \u0110\u1eb6T TOUR"}]}]}},"_links":{"self":[{"href":"https:\/\/bentreriverside.com\/en\/wp-json\/wp\/v2\/pages\/10812","targetHints":{"allow":["GET"]}}],"collection":[{"href":"https:\/\/bentreriverside.com\/en\/wp-json\/wp\/v2\/pages"}],"about":[{"href":"https:\/\/bentreriverside.com\/en\/wp-json\/wp\/v2\/types\/page"}],"author":[{"embeddable":true,"href":"https:\/\/bentreriverside.com\/en\/wp-json\/wp\/v2\/users\/1"}],"replies":[{"embeddable":true,"href":"https:\/\/bentreriverside.com\/en\/wp-json\/wp\/v2\/comments?post=10812"}],"version-history":[{"count":4,"href":"https:\/\/bentreriverside.com\/en\/wp-json\/wp\/v2\/pages\/10812\/revisions"}],"predecessor-version":[{"id":10817,"href":"https:\/\/bentreriverside.com\/en\/wp-json\/wp\/v2\/pages\/10812\/revisions\/10817"}],"wp:attachment":[{"href":"https:\/\/bentreriverside.com\/en\/wp-json\/wp\/v2\/media?parent=10812"}],"curies":[{"name":"wp","href":"https:\/\/api.w.org\/{rel}","templated":true}]}}