{"id":10144,"date":"2022-09-07T04:00:54","date_gmt":"2022-09-07T04:00:54","guid":{"rendered":"https:\/\/paramibentre.jaysoft.asia\/?page_id=10144"},"modified":"2025-07-01T04:29:51","modified_gmt":"2025-07-01T04:29:51","slug":"thank-you","status":"publish","type":"page","link":"https:\/\/bentreriverside.com\/en\/thank-you\/","title":{"rendered":"Thank you"},"content":{"rendered":"<div data-elementor-type=\"wp-page\" data-elementor-id=\"10144\" class=\"elementor elementor-10144\">\n\t\t\t\t\t\t\t\t\t<section class=\"elementor-section elementor-top-section elementor-element elementor-element-4826572d elementor-section-height-min-height elementor-section-boxed elementor-section-height-default elementor-section-items-middle\" data-id=\"4826572d\" data-element_type=\"section\" data-settings=\"{&quot;ekit_has_onepagescroll_dot&quot;:&quot;yes&quot;}\">\n\t\t\t\t\t\t<div class=\"elementor-container elementor-column-gap-default\">\n\t\t\t\t\t<div class=\"elementor-column elementor-col-100 elementor-top-column elementor-element elementor-element-743ac200\" data-id=\"743ac200\" data-element_type=\"column\">\n\t\t\t<div class=\"elementor-widget-wrap elementor-element-populated\">\n\t\t\t\t\t\t\t\t<div class=\"elementor-element elementor-element-25975fa elementor-widget elementor-widget-heading\" data-id=\"25975fa\" data-element_type=\"widget\" data-settings=\"{&quot;ekit_we_effect_on&quot;:&quot;none&quot;}\" data-widget_type=\"heading.default\">\n\t\t\t\t<div class=\"elementor-widget-container\">\n\t\t\t<style>\/*! elementor - v3.7.8 - 02-10-2022 *\/\n.elementor-heading-title{padding:0;margin:0;line-height:1}.elementor-widget-heading .elementor-heading-title[class*=elementor-size-]>a{color:inherit;font-size:inherit;line-height:inherit}.elementor-widget-heading .elementor-heading-title.elementor-size-small{font-size:15px}.elementor-widget-heading .elementor-heading-title.elementor-size-medium{font-size:19px}.elementor-widget-heading .elementor-heading-title.elementor-size-large{font-size:29px}.elementor-widget-heading .elementor-heading-title.elementor-size-xl{font-size:39px}.elementor-widget-heading .elementor-heading-title.elementor-size-xxl{font-size:59px}<\/style><h4 class=\"elementor-heading-title elementor-size-default\">C\u1ea3m \u01a1n Qu\u00fd Kh\u00e1ch \u0111\u00e3 li\u00ean h\u1ec7 v\u1edbi Ben Tre Riverside Resort<\/h4>\t\t<\/div>\n\t\t\t\t<\/div>\n\t\t\t\t<div class=\"elementor-element elementor-element-6b2e5064 elementor-widget elementor-widget-text-editor\" data-id=\"6b2e5064\" data-element_type=\"widget\" data-settings=\"{&quot;ekit_we_effect_on&quot;:&quot;none&quot;}\" data-widget_type=\"text-editor.default\">\n\t\t\t\t<div class=\"elementor-widget-container\">\n\t\t\t<style>\/*! elementor - v3.7.8 - 02-10-2022 *\/\n.elementor-widget-text-editor.elementor-drop-cap-view-stacked .elementor-drop-cap{background-color:#818a91;color:#fff}.elementor-widget-text-editor.elementor-drop-cap-view-framed .elementor-drop-cap{color:#818a91;border:3px solid;background-color:transparent}.elementor-widget-text-editor:not(.elementor-drop-cap-view-default) .elementor-drop-cap{margin-top:8px}.elementor-widget-text-editor:not(.elementor-drop-cap-view-default) .elementor-drop-cap-letter{width:1em;height:1em}.elementor-widget-text-editor .elementor-drop-cap{float:left;text-align:center;line-height:1;font-size:50px}.elementor-widget-text-editor .elementor-drop-cap-letter{display:inline-block}<\/style>\t\t\t\t<p>Ch\u00fang t\u00f4i \u0111\u00e3 nh\u1eadn \u0111\u01b0\u1ee3c y\u00eau c\u1ea7u c\u1ee7a Qu\u00fd Kh\u00e1ch v\u00e0 s\u1ebd s\u1edbm ph\u1ea3n h\u1ed3i trong th\u1eddi gian s\u1edbm nh\u1ea5t.<\/p>\t\t\t\t\t\t<\/div>\n\t\t\t\t<\/div>\n\t\t\t\t\t<\/div>\n\t\t<\/div>\n\t\t\t\t\t\t\t<\/div>\n\t\t<\/section>\n\t\t\t\t\t\t\t<\/div>","protected":false},"excerpt":{"rendered":"<p>C\u1ea3m \u01a1n Qu\u00fd Kh\u00e1ch \u0111\u00e3 li\u00ean h\u1ec7 v\u1edbi Ben Tre Riverside Resort Ch\u00fang t\u00f4i \u0111\u00e3 nh\u1eadn \u0111\u01b0\u1ee3c y\u00eau c\u1ea7u c\u1ee7a Qu\u00fd Kh\u00e1ch v\u00e0 s\u1ebd s\u1edbm ph\u1ea3n h\u1ed3i trong th\u1eddi gian s\u1edbm nh\u1ea5t.<\/p>","protected":false},"author":1,"featured_media":0,"parent":0,"menu_order":0,"comment_status":"closed","ping_status":"closed","template":"","meta":{"footnotes":""},"class_list":["post-10144","page","type-page","status-publish","hentry"],"yoast_head":"<!-- This site is optimized with the Yoast SEO plugin v19.1 - https:\/\/yoast.com\/wordpress\/plugins\/seo\/ -->\n<title>Thank you - Ben Tre Riverside Resort<\/title>\n<meta name=\"robots\" content=\"index, follow, max-snippet:-1, max-image-preview:large, max-video-preview:-1\" \/>\n<link rel=\"canonical\" href=\"https:\/\/bentreriverside.com\/en\/thank-you\/\" \/>\n<meta property=\"og:locale\" content=\"en_US\" \/>\n<meta property=\"og:type\" content=\"article\" \/>\n<meta property=\"og:title\" content=\"Thank you - Ben Tre Riverside Resort\" \/>\n<meta property=\"og:description\" content=\"C\u1ea3m \u01a1n Qu\u00fd Kh\u00e1ch \u0111\u00e3 li\u00ean h\u1ec7 v\u1edbi Ben Tre Riverside Resort Ch\u00fang t\u00f4i \u0111\u00e3 nh\u1eadn \u0111\u01b0\u1ee3c y\u00eau c\u1ea7u c\u1ee7a Qu\u00fd Kh\u00e1ch v\u00e0 s\u1ebd s\u1edbm ph\u1ea3n h\u1ed3i trong th\u1eddi gian s\u1edbm nh\u1ea5t.\" \/>\n<meta property=\"og:url\" content=\"https:\/\/bentreriverside.com\/en\/thank-you\/\" \/>\n<meta property=\"og:site_name\" content=\"Ben Tre Riverside Resort\" \/>\n<meta property=\"article:modified_time\" content=\"2025-07-01T04:29:51+00:00\" \/>\n<meta name=\"twitter:card\" content=\"summary_large_image\" \/>\n<meta name=\"twitter:label1\" content=\"Est. reading time\" \/>\n\t<meta name=\"twitter:data1\" content=\"1 minute\" \/>\n<script type=\"application\/ld+json\" class=\"yoast-schema-graph\">{\"@context\":\"https:\/\/schema.org\",\"@graph\":[{\"@type\":\"Organization\",\"@id\":\"https:\/\/bentreriverside.com\/#organization\",\"name\":\"Ben Tre Riverside Resort\",\"url\":\"https:\/\/bentreriverside.com\/\",\"sameAs\":[],\"logo\":{\"@type\":\"ImageObject\",\"inLanguage\":\"en-US\",\"@id\":\"https:\/\/bentreriverside.com\/#\/schema\/logo\/image\/\",\"url\":\"https:\/\/bentreriverside.com\/wp-content\/uploads\/2022\/06\/cropped-Logo.png\",\"contentUrl\":\"https:\/\/bentreriverside.com\/wp-content\/uploads\/2022\/06\/cropped-Logo.png\",\"width\":512,\"height\":512,\"caption\":\"Ben Tre Riverside Resort\"},\"image\":{\"@id\":\"https:\/\/bentreriverside.com\/#\/schema\/logo\/image\/\"}},{\"@type\":\"WebSite\",\"@id\":\"https:\/\/bentreriverside.com\/#website\",\"url\":\"https:\/\/bentreriverside.com\/\",\"name\":\"Ben Tre Riverside Resort\",\"description\":\"Ben Tre Riverside Resort\",\"publisher\":{\"@id\":\"https:\/\/bentreriverside.com\/#organization\"},\"potentialAction\":[{\"@type\":\"SearchAction\",\"target\":{\"@type\":\"EntryPoint\",\"urlTemplate\":\"https:\/\/bentreriverside.com\/?s={search_term_string}\"},\"query-input\":\"required name=search_term_string\"}],\"inLanguage\":\"en-US\"},{\"@type\":\"WebPage\",\"@id\":\"https:\/\/bentreriverside.com\/thank-you\/#webpage\",\"url\":\"https:\/\/bentreriverside.com\/thank-you\/\",\"name\":\"Thank you - Ben Tre Riverside Resort\",\"isPartOf\":{\"@id\":\"https:\/\/bentreriverside.com\/#website\"},\"datePublished\":\"2022-09-07T04:00:54+00:00\",\"dateModified\":\"2025-07-01T04:29:51+00:00\",\"breadcrumb\":{\"@id\":\"https:\/\/bentreriverside.com\/thank-you\/#breadcrumb\"},\"inLanguage\":\"en-US\",\"potentialAction\":[{\"@type\":\"ReadAction\",\"target\":[\"https:\/\/bentreriverside.com\/thank-you\/\"]}]},{\"@type\":\"BreadcrumbList\",\"@id\":\"https:\/\/bentreriverside.com\/thank-you\/#breadcrumb\",\"itemListElement\":[{\"@type\":\"ListItem\",\"position\":1,\"name\":\"TRANG CH\u1ee6\",\"item\":\"https:\/\/bentreriverside.com\/\"},{\"@type\":\"ListItem\",\"position\":2,\"name\":\"Thank you\"}]}]}<\/script>\n<!-- \/ Yoast SEO plugin. -->","yoast_head_json":{"title":"Thank you - Ben Tre Riverside Resort","robots":{"index":"index","follow":"follow","max-snippet":"max-snippet:-1","max-image-preview":"max-image-preview:large","max-video-preview":"max-video-preview:-1"},"canonical":"https:\/\/bentreriverside.com\/en\/thank-you\/","og_locale":"en_US","og_type":"article","og_title":"Thank you - Ben Tre Riverside Resort","og_description":"C\u1ea3m \u01a1n Qu\u00fd Kh\u00e1ch \u0111\u00e3 li\u00ean h\u1ec7 v\u1edbi Ben Tre Riverside Resort Ch\u00fang t\u00f4i \u0111\u00e3 nh\u1eadn \u0111\u01b0\u1ee3c y\u00eau c\u1ea7u c\u1ee7a Qu\u00fd Kh\u00e1ch v\u00e0 s\u1ebd s\u1edbm ph\u1ea3n h\u1ed3i trong th\u1eddi gian s\u1edbm nh\u1ea5t.","og_url":"https:\/\/bentreriverside.com\/en\/thank-you\/","og_site_name":"Ben Tre Riverside Resort","article_modified_time":"2025-07-01T04:29:51+00:00","twitter_card":"summary_large_image","twitter_misc":{"Est. reading time":"1 minute"},"schema":{"@context":"https:\/\/schema.org","@graph":[{"@type":"Organization","@id":"https:\/\/bentreriverside.com\/#organization","name":"Ben Tre Riverside Resort","url":"https:\/\/bentreriverside.com\/","sameAs":[],"logo":{"@type":"ImageObject","inLanguage":"en-US","@id":"https:\/\/bentreriverside.com\/#\/schema\/logo\/image\/","url":"https:\/\/bentreriverside.com\/wp-content\/uploads\/2022\/06\/cropped-Logo.png","contentUrl":"https:\/\/bentreriverside.com\/wp-content\/uploads\/2022\/06\/cropped-Logo.png","width":512,"height":512,"caption":"Ben Tre Riverside Resort"},"image":{"@id":"https:\/\/bentreriverside.com\/#\/schema\/logo\/image\/"}},{"@type":"WebSite","@id":"https:\/\/bentreriverside.com\/#website","url":"https:\/\/bentreriverside.com\/","name":"Ben Tre Riverside Resort","description":"Ben Tre Riverside Resort","publisher":{"@id":"https:\/\/bentreriverside.com\/#organization"},"potentialAction":[{"@type":"SearchAction","target":{"@type":"EntryPoint","urlTemplate":"https:\/\/bentreriverside.com\/?s={search_term_string}"},"query-input":"required name=search_term_string"}],"inLanguage":"en-US"},{"@type":"WebPage","@id":"https:\/\/bentreriverside.com\/thank-you\/#webpage","url":"https:\/\/bentreriverside.com\/thank-you\/","name":"Thank you - Ben Tre Riverside Resort","isPartOf":{"@id":"https:\/\/bentreriverside.com\/#website"},"datePublished":"2022-09-07T04:00:54+00:00","dateModified":"2025-07-01T04:29:51+00:00","breadcrumb":{"@id":"https:\/\/bentreriverside.com\/thank-you\/#breadcrumb"},"inLanguage":"en-US","potentialAction":[{"@type":"ReadAction","target":["https:\/\/bentreriverside.com\/thank-you\/"]}]},{"@type":"BreadcrumbList","@id":"https:\/\/bentreriverside.com\/thank-you\/#breadcrumb","itemListElement":[{"@type":"ListItem","position":1,"name":"TRANG CH\u1ee6","item":"https:\/\/bentreriverside.com\/"},{"@type":"ListItem","position":2,"name":"Thank you"}]}]}},"_links":{"self":[{"href":"https:\/\/bentreriverside.com\/en\/wp-json\/wp\/v2\/pages\/10144","targetHints":{"allow":["GET"]}}],"collection":[{"href":"https:\/\/bentreriverside.com\/en\/wp-json\/wp\/v2\/pages"}],"about":[{"href":"https:\/\/bentreriverside.com\/en\/wp-json\/wp\/v2\/types\/page"}],"author":[{"embeddable":true,"href":"https:\/\/bentreriverside.com\/en\/wp-json\/wp\/v2\/users\/1"}],"replies":[{"embeddable":true,"href":"https:\/\/bentreriverside.com\/en\/wp-json\/wp\/v2\/comments?post=10144"}],"version-history":[{"count":37,"href":"https:\/\/bentreriverside.com\/en\/wp-json\/wp\/v2\/pages\/10144\/revisions"}],"predecessor-version":[{"id":15214,"href":"https:\/\/bentreriverside.com\/en\/wp-json\/wp\/v2\/pages\/10144\/revisions\/15214"}],"wp:attachment":[{"href":"https:\/\/bentreriverside.com\/en\/wp-json\/wp\/v2\/media?parent=10144"}],"curies":[{"name":"wp","href":"https:\/\/api.w.org\/{rel}","templated":true}]}}